{"id":9,"date":"2011-05-30T11:59:32","date_gmt":"2011-05-30T11:59:32","guid":{"rendered":"http:\/\/www.christianevogel.de\/?page_id=9"},"modified":"2020-03-01T15:17:28","modified_gmt":"2020-03-01T15:17:28","slug":"impressum","status":"publish","type":"page","link":"http:\/\/www.christianevogel.de\/?page_id=9","title":{"rendered":"Impressum"},"content":{"rendered":"<p>Anbieter:<br \/>\nChristiane Vogel<br \/>\nKapellenweg 17<br \/>\n51597 Morsbach<br \/>\nTelefon: 0 22 94 \/ 60 47<br \/>\ne-Mail: info@christianevogel.de<br \/>\nWebsite: www.christianevogel.de<\/p>\n<p>Verantwortlich nach \u00a76 Abs. 2 MDStV<br \/>\nChristiane Vogel<br \/>\nKapellenweg 17<br \/>\n51597 Morsbach<\/p>\n<h4>Haftungsausschluss<\/h4>\n<p><strong>Haftung f\u00fcr Inhalte<\/strong><\/p>\n<p>Die Inhalte unserer Seiten wurden mit gr\u00f6\u00dfter Sorgfalt erstellt.        F\u00fcr die Richtigkeit, Vollst\u00e4ndigkeit und Aktualit\u00e4t der Inhalte        k\u00f6nnen wir jedoch keine Gew\u00e4hr \u00fcbernehmen. Als Diensteanbieter sind wir gem\u00e4\u00df \u00a7 7 Abs.1 TMG f\u00fcr        eigene Inhalte auf diesen Seiten nach den allgemeinen Gesetzen verantwortlich.        Nach \u00a7\u00a7 8 bis 10 TMG sind wir als Diensteanbieter jedoch nicht        verpflichtet, \u00fcbermittelte oder gespeicherte fremde Informationen zu        \u00fcberwachen oder nach Umst\u00e4nden zu forschen, die auf eine rechtswidrige        T\u00e4tigkeit hinweisen. Verpflichtungen zur Entfernung oder Sperrung der        Nutzung von Informationen nach den allgemeinen Gesetzen bleiben hiervon        unber\u00fchrt. Eine diesbez\u00fcgliche Haftung ist jedoch erst ab dem        Zeitpunkt der Kenntnis einer konkreten Rechtsverletzung m\u00f6glich. Bei        Bekanntwerden von entsprechenden Rechtsverletzungen werden wir diese Inhalte        umgehend entfernen.<\/p>\n<p><strong>Haftung f\u00fcr Links<\/strong><\/p>\n<p>Unser Angebot enth\u00e4lt Links zu externen Webseiten Dritter, auf deren        Inhalte wir keinen Einfluss haben. Deshalb k\u00f6nnen wir f\u00fcr diese        fremden Inhalte auch keine Gew\u00e4hr \u00fcbernehmen. F\u00fcr die Inhalte        der verlinkten Seiten ist stets der jeweilige Anbieter oder Betreiber der        Seiten verantwortlich. Die verlinkten Seiten wurden zum Zeitpunkt der Verlinkung        auf m\u00f6gliche Rechtsverst\u00f6\u00dfe \u00fcberpr\u00fcft. Rechtswidrige        Inhalte waren zum Zeitpunkt der Verlinkung nicht erkennbar. Eine permanente        inhaltliche Kontrolle der verlinkten Seiten ist jedoch ohne konkrete Anhaltspunkte        einer Rechtsverletzung nicht zumutbar. Bei Bekanntwerden von Rechtsverletzungen        werden wir derartige Links umgehend entfernen.<\/p>\n<p><strong>Urheberrecht<\/strong><\/p>\n<p>Die durch die Seitenbetreiber erstellten Inhalte und Werke auf  diesen Seiten        unterliegen dem deutschen Urheberrecht. Die Vervielf\u00e4ltigung,  Bearbeitung, Verbreitung und        jede Art der Verwertung au\u00dferhalb der Grenzen des Urheberrechtes  bed\u00fcrfen        der schriftlichen Zustimmung des jeweiligen Autors bzw.  Erstellers. Downloads        und Kopien dieser Seite sind nur f\u00fcr den privaten, nicht  kommerziellen        Gebrauch gestattet. Soweit die Inhalte auf dieser Seite nicht vom  Betreiber erstellt wurden,        werden die Urheberrechte Dritter beachtet. Insbesondere werden  Inhalte Dritter als solche        gekennzeichnet. Sollten Sie trotzdem auf eine  Urheberrechtsverletzung aufmerksam werden, bitten wir um einen  entsprechenden Hinweis.        Bei Bekanntwerden von Rechtsverletzungen werden wir derartige  Inhalte umgehend entfernen.<\/p>\n<p><strong>Datenschutz<\/strong><\/p>\n<p>Die Nutzung unserer Webseite ist in der Regel ohne Angabe  personenbezogener Daten m\u00f6glich. Soweit auf unseren Seiten  personenbezogene Daten (beispielsweise Name,        Anschrift oder eMail-Adressen) erhoben werden, erfolgt dies,  soweit m\u00f6glich, stets auf freiwilliger Basis. Diese Daten werden ohne  Ihre ausdr\u00fcckliche Zustimmung nicht an Dritte weitergegeben.<\/p>\n<p>Wir weisen darauf hin, dass die Daten\u00fcbertragung im Internet (z.B.        bei der Kommunikation per E-Mail) Sicherheitsl\u00fccken aufweisen kann.        Ein l\u00fcckenloser Schutz der Daten vor dem Zugriff durch Dritte ist nicht        m\u00f6glich.<\/p>\n<p>Der Nutzung von im Rahmen der Impressumspflicht ver\u00f6ffentlichten Kontaktdaten        durch Dritte zur \u00dcbersendung von nicht ausdr\u00fccklich angeforderter        Werbung und Informationsmaterialien wird hiermit ausdr\u00fccklich widersprochen.        Die Betreiber der Seiten behalten sich ausdr\u00fccklich rechtliche Schritte        im Falle der unverlangten Zusendung von Werbeinformationen, etwa durch Spam-Mails,        vor.<\/p>\n<p>&nbsp;<\/p>\n<p><em>Quellen: <a href=\"http:\/\/www.e-recht24.de\/muster-disclaimer.htm\" target=\"_blank\" rel=\"noopener noreferrer\">eRecht24 Disclaimer<\/a><\/em><\/p>\n<p>&nbsp;<\/p>\n","protected":false},"excerpt":{"rendered":"<p>Anbieter: Christiane Vogel Kapellenweg 17 51597 Morsbach Telefon: 0 22 94 \/ 60 47 e-Mail: info@christianevogel.de Website: www.christianevogel.de Verantwortlich nach \u00a76 Abs. 2 MDStV Christiane Vogel Kapellenweg 17 51597 Morsbach Haftungsausschluss Haftung f\u00fcr Inhalte Die Inhalte unserer Seiten wurden mit &hellip; <a href=\"http:\/\/www.christianevogel.de\/?page_id=9\">Weiterlesen <span class=\"meta-nav\">&rarr;<\/span><\/a><\/p>\n","protected":false},"author":1,"featured_media":0,"parent":0,"menu_order":8,"comment_status":"closed","ping_status":"closed","template":"","meta":{"footnotes":""},"class_list":["post-9","page","type-page","status-publish","hentry"],"_links":{"self":[{"href":"http:\/\/www.christianevogel.de\/index.php?rest_route=\/wp\/v2\/pages\/9","targetHints":{"allow":["GET"]}}],"collection":[{"href":"http:\/\/www.christianevogel.de\/index.php?rest_route=\/wp\/v2\/pages"}],"about":[{"href":"http:\/\/www.christianevogel.de\/index.php?rest_route=\/wp\/v2\/types\/page"}],"author":[{"embeddable":true,"href":"http:\/\/www.christianevogel.de\/index.php?rest_route=\/wp\/v2\/users\/1"}],"replies":[{"embeddable":true,"href":"http:\/\/www.christianevogel.de\/index.php?rest_route=%2Fwp%2Fv2%2Fcomments&post=9"}],"version-history":[{"count":5,"href":"http:\/\/www.christianevogel.de\/index.php?rest_route=\/wp\/v2\/pages\/9\/revisions"}],"predecessor-version":[{"id":1281,"href":"http:\/\/www.christianevogel.de\/index.php?rest_route=\/wp\/v2\/pages\/9\/revisions\/1281"}],"wp:attachment":[{"href":"http:\/\/www.christianevogel.de\/index.php?rest_route=%2Fwp%2Fv2%2Fmedia&parent=9"}],"curies":[{"name":"wp","href":"https:\/\/api.w.org\/{rel}","templated":true}]}}