{"id":131,"date":"2011-08-03T09:53:31","date_gmt":"2011-08-03T09:53:31","guid":{"rendered":"http:\/\/www.christianevogel.de\/?page_id=131"},"modified":"2024-09-09T11:59:08","modified_gmt":"2024-09-09T11:59:08","slug":"skulpturen","status":"publish","type":"page","link":"http:\/\/www.christianevogel.de\/?page_id=131","title":{"rendered":"Skulpturen und Objekte"},"content":{"rendered":"\n<p>Beton-Stahl-Objekt   FACING EACH OTHER<\/p>\n\n\n\n<figure class=\"wp-block-image size-large\"><a href=\"http:\/\/www.christianevogel.de\/wp-content\/uploads\/2024\/09\/IMG_7897-1-rotated.jpg\"><img loading=\"lazy\" decoding=\"async\" width=\"683\" height=\"1024\" src=\"http:\/\/www.christianevogel.de\/wp-content\/uploads\/2024\/09\/IMG_7897-1-683x1024.jpg\" alt=\"\" class=\"wp-image-1451\" srcset=\"http:\/\/www.christianevogel.de\/wp-content\/uploads\/2024\/09\/IMG_7897-1-683x1024.jpg 683w, http:\/\/www.christianevogel.de\/wp-content\/uploads\/2024\/09\/IMG_7897-1-200x300.jpg 200w, http:\/\/www.christianevogel.de\/wp-content\/uploads\/2024\/09\/IMG_7897-1-768x1152.jpg 768w, http:\/\/www.christianevogel.de\/wp-content\/uploads\/2024\/09\/IMG_7897-1-1024x1536.jpg 1024w, http:\/\/www.christianevogel.de\/wp-content\/uploads\/2024\/09\/IMG_7897-1-rotated.jpg 1280w\" sizes=\"auto, (max-width: 683px) 100vw, 683px\" \/><\/a><\/figure>\n\n\n<h2>SETTING SEED<\/h2>\n<p>Objektgruppe \u00a0 3-tlg. \u00a0Beton, Edelstahl,vergoldet<\/p>\n<h2><a href=\"http:\/\/www.christianevogel.de\/wp-content\/uploads\/2022\/06\/285638616_2633278843471059_2352526520700044273_n.jpg\">\u00a0<\/a><\/h2>\n<hr \/>\n<h2><a href=\"http:\/\/www.christianevogel.de\/wp-content\/uploads\/2022\/06\/285638616_2633278843471059_2352526520700044273_n.jpg\"><img loading=\"lazy\" decoding=\"async\" class=\"aligncenter size-full wp-image-1369\" src=\"http:\/\/www.christianevogel.de\/wp-content\/uploads\/2022\/06\/285638616_2633278843471059_2352526520700044273_n.jpg\" alt=\"\" width=\"526\" height=\"703\" srcset=\"http:\/\/www.christianevogel.de\/wp-content\/uploads\/2022\/06\/285638616_2633278843471059_2352526520700044273_n.jpg 526w, http:\/\/www.christianevogel.de\/wp-content\/uploads\/2022\/06\/285638616_2633278843471059_2352526520700044273_n-224x300.jpg 224w\" sizes=\"auto, (max-width: 526px) 100vw, 526px\" \/><\/a><\/h2>\n<h2>A BIT OF LUCK<\/h2>\n<p>Objektgruppe Edelstahl, 9-tlg.<\/p>\n<h2><a href=\"http:\/\/www.christianevogel.de\/wp-content\/uploads\/2022\/06\/IMG_2254-scaled.jpg\"><img loading=\"lazy\" decoding=\"async\" class=\"aligncenter size-full wp-image-1364\" src=\"http:\/\/www.christianevogel.de\/wp-content\/uploads\/2022\/06\/IMG_2254-scaled.jpg\" alt=\"\" width=\"2560\" height=\"1912\" srcset=\"http:\/\/www.christianevogel.de\/wp-content\/uploads\/2022\/06\/IMG_2254-scaled.jpg 2560w, http:\/\/www.christianevogel.de\/wp-content\/uploads\/2022\/06\/IMG_2254-300x224.jpg 300w, http:\/\/www.christianevogel.de\/wp-content\/uploads\/2022\/06\/IMG_2254-1024x765.jpg 1024w, http:\/\/www.christianevogel.de\/wp-content\/uploads\/2022\/06\/IMG_2254-768x574.jpg 768w, http:\/\/www.christianevogel.de\/wp-content\/uploads\/2022\/06\/IMG_2254-1536x1147.jpg 1536w, http:\/\/www.christianevogel.de\/wp-content\/uploads\/2022\/06\/IMG_2254-2048x1530.jpg 2048w\" sizes=\"auto, (max-width: 2560px) 100vw, 2560px\" \/><\/a><\/h2>\n<h2><a href=\"http:\/\/www.christianevogel.de\/wp-content\/uploads\/2022\/06\/IMG_2256-scaled.jpg\"><img loading=\"lazy\" decoding=\"async\" class=\"aligncenter size-full wp-image-1365\" src=\"http:\/\/www.christianevogel.de\/wp-content\/uploads\/2022\/06\/IMG_2256-scaled.jpg\" alt=\"\" width=\"2560\" height=\"1912\" srcset=\"http:\/\/www.christianevogel.de\/wp-content\/uploads\/2022\/06\/IMG_2256-scaled.jpg 2560w, http:\/\/www.christianevogel.de\/wp-content\/uploads\/2022\/06\/IMG_2256-300x224.jpg 300w, http:\/\/www.christianevogel.de\/wp-content\/uploads\/2022\/06\/IMG_2256-1024x765.jpg 1024w, http:\/\/www.christianevogel.de\/wp-content\/uploads\/2022\/06\/IMG_2256-768x574.jpg 768w, http:\/\/www.christianevogel.de\/wp-content\/uploads\/2022\/06\/IMG_2256-1536x1147.jpg 1536w, http:\/\/www.christianevogel.de\/wp-content\/uploads\/2022\/06\/IMG_2256-2048x1530.jpg 2048w\" sizes=\"auto, (max-width: 2560px) 100vw, 2560px\" \/><\/a><\/h2>\n<h2><\/h2>\n<h2>CIRCLE OF LIFE<\/h2>\n<hr \/>\n<h3><span style=\"color: #000000;\"><a style=\"color: #000000;\" href=\"http:\/\/www.christianevogel.de\/wp-content\/uploads\/2022\/06\/IMG_2277-scaled.jpg\">Edelstahl,Holz, Plexiglas. ca 130 cm Durchmesser. <\/a><\/span><\/h3>\n<h3><a href=\"http:\/\/www.christianevogel.de\/wp-content\/uploads\/2022\/06\/IMG_2277-scaled.jpg\">\u00a0<img loading=\"lazy\" decoding=\"async\" class=\"aligncenter size-full wp-image-1362\" src=\"http:\/\/www.christianevogel.de\/wp-content\/uploads\/2022\/06\/IMG_2277-scaled.jpg\" alt=\"\" width=\"1912\" height=\"2560\" srcset=\"http:\/\/www.christianevogel.de\/wp-content\/uploads\/2022\/06\/IMG_2277-scaled.jpg 1912w, http:\/\/www.christianevogel.de\/wp-content\/uploads\/2022\/06\/IMG_2277-224x300.jpg 224w, http:\/\/www.christianevogel.de\/wp-content\/uploads\/2022\/06\/IMG_2277-765x1024.jpg 765w, http:\/\/www.christianevogel.de\/wp-content\/uploads\/2022\/06\/IMG_2277-768x1028.jpg 768w, http:\/\/www.christianevogel.de\/wp-content\/uploads\/2022\/06\/IMG_2277-1147x1536.jpg 1147w, http:\/\/www.christianevogel.de\/wp-content\/uploads\/2022\/06\/IMG_2277-1530x2048.jpg 1530w\" sizes=\"auto, (max-width: 1912px) 100vw, 1912px\" \/><\/a><\/h3>\n<h2>ELEGANCE OF LEAVES<\/h2>\n<p><a href=\"http:\/\/www.christianevogel.de\/wp-content\/uploads\/2022\/06\/IMG_7263.jpg\"><img loading=\"lazy\" decoding=\"async\" class=\"aligncenter size-full wp-image-1354\" src=\"http:\/\/www.christianevogel.de\/wp-content\/uploads\/2022\/06\/IMG_7263.jpg\" alt=\"\" width=\"393\" height=\"558\" srcset=\"http:\/\/www.christianevogel.de\/wp-content\/uploads\/2022\/06\/IMG_7263.jpg 393w, http:\/\/www.christianevogel.de\/wp-content\/uploads\/2022\/06\/IMG_7263-211x300.jpg 211w\" sizes=\"auto, (max-width: 393px) 100vw, 393px\" \/><\/a><\/p>\n<h2><\/h2>\n<h2><\/h2>\n<h2>CIRCLE OF LIFE<\/h2>\n<h4><a href=\"http:\/\/www.christianevogel.de\/wp-content\/uploads\/2019\/08\/IMG_6176-Kopie.jpg\"><img loading=\"lazy\" decoding=\"async\" class=\"aligncenter size-full wp-image-1221\" src=\"http:\/\/www.christianevogel.de\/wp-content\/uploads\/2019\/08\/IMG_6176-Kopie.jpg\" alt=\"\" width=\"1280\" height=\"1920\" srcset=\"http:\/\/www.christianevogel.de\/wp-content\/uploads\/2019\/08\/IMG_6176-Kopie.jpg 1280w, http:\/\/www.christianevogel.de\/wp-content\/uploads\/2019\/08\/IMG_6176-Kopie-200x300.jpg 200w, http:\/\/www.christianevogel.de\/wp-content\/uploads\/2019\/08\/IMG_6176-Kopie-768x1152.jpg 768w, http:\/\/www.christianevogel.de\/wp-content\/uploads\/2019\/08\/IMG_6176-Kopie-683x1024.jpg 683w\" sizes=\"auto, (max-width: 1280px) 100vw, 1280px\" \/><\/a><\/h4>\n<h4>Die auf dem Stahlring sitzenden Elemente sind vergleichbar mit dem Leben. Die Stahlplatten stehen f\u00fcr die schwierigen Situationen und Probleme, die uns Menschen mit ihrem Gewicht herausfordern und manchmal auch zu zerdr\u00fccken drohen. Die Dr\u00e4hte symbolisieren die Wege, die der Mensch mit Versuch und Irrtum geht. Menschen, die uns nahestehen, uns auf dem Weg begleiten, die uns erden, unterst\u00fctzen und festen Halt geben, sind hier als Baumscheiben zu finden. Die Acrylscheiben stehen f\u00fcr klare Einsichten und Entschl\u00fcsse, hier und jetzt im Leben etwas zu ver\u00e4ndern.Und nat\u00fcrlich die kleinen und gro\u00dfen Gl\u00fccksmomente auf unserem Weg, die glitzernden Kugeln gleichen.<\/h4>\n<h1><a href=\"http:\/\/www.christianevogel.de\/wp-content\/uploads\/2019\/08\/IMG_6181-Kopie.jpg\"><img loading=\"lazy\" decoding=\"async\" class=\"aligncenter size-full wp-image-1222\" src=\"http:\/\/www.christianevogel.de\/wp-content\/uploads\/2019\/08\/IMG_6181-Kopie.jpg\" alt=\"\" width=\"1920\" height=\"1280\" srcset=\"http:\/\/www.christianevogel.de\/wp-content\/uploads\/2019\/08\/IMG_6181-Kopie.jpg 1920w, http:\/\/www.christianevogel.de\/wp-content\/uploads\/2019\/08\/IMG_6181-Kopie-300x200.jpg 300w, http:\/\/www.christianevogel.de\/wp-content\/uploads\/2019\/08\/IMG_6181-Kopie-768x512.jpg 768w, http:\/\/www.christianevogel.de\/wp-content\/uploads\/2019\/08\/IMG_6181-Kopie-1024x683.jpg 1024w\" sizes=\"auto, (max-width: 1920px) 100vw, 1920px\" \/><\/a><\/h1>\n<h1><\/h1>\n<h1>HOPE FOR PEACE<\/h1>\n<p><a href=\"http:\/\/www.christianevogel.de\/wp-content\/uploads\/2011\/08\/IMG_2987-Kopie.jpg\"><img loading=\"lazy\" decoding=\"async\" class=\"aligncenter size-full wp-image-942\" src=\"http:\/\/www.christianevogel.de\/wp-content\/uploads\/2011\/08\/IMG_2987-Kopie.jpg\" alt=\"IMG_2987 Kopie\" width=\"546\" height=\"1080\" srcset=\"http:\/\/www.christianevogel.de\/wp-content\/uploads\/2011\/08\/IMG_2987-Kopie.jpg 546w, http:\/\/www.christianevogel.de\/wp-content\/uploads\/2011\/08\/IMG_2987-Kopie-152x300.jpg 152w, http:\/\/www.christianevogel.de\/wp-content\/uploads\/2011\/08\/IMG_2987-Kopie-518x1024.jpg 518w\" sizes=\"auto, (max-width: 546px) 100vw, 546px\" \/><\/a><\/p>\n<p><a href=\"http:\/\/www.christianevogel.de\/wp-content\/uploads\/2011\/08\/IMG_2993-Kopie.jpg\"><img loading=\"lazy\" decoding=\"async\" class=\"aligncenter size-full wp-image-941\" src=\"http:\/\/www.christianevogel.de\/wp-content\/uploads\/2011\/08\/IMG_2993-Kopie.jpg\" alt=\"IMG_2993 Kopie\" width=\"1622\" height=\"1080\" srcset=\"http:\/\/www.christianevogel.de\/wp-content\/uploads\/2011\/08\/IMG_2993-Kopie.jpg 1622w, http:\/\/www.christianevogel.de\/wp-content\/uploads\/2011\/08\/IMG_2993-Kopie-300x200.jpg 300w, http:\/\/www.christianevogel.de\/wp-content\/uploads\/2011\/08\/IMG_2993-Kopie-1024x682.jpg 1024w\" sizes=\"auto, (max-width: 1622px) 100vw, 1622px\" \/><\/a><\/p>\n<p><a href=\"http:\/\/www.christianevogel.de\/wp-content\/uploads\/2011\/08\/IMG_2995-Kopie.jpg\"><img loading=\"lazy\" decoding=\"async\" class=\"aligncenter size-full wp-image-940\" src=\"http:\/\/www.christianevogel.de\/wp-content\/uploads\/2011\/08\/IMG_2995-Kopie.jpg\" alt=\"IMG_2995 Kopie\" width=\"719\" height=\"1080\" srcset=\"http:\/\/www.christianevogel.de\/wp-content\/uploads\/2011\/08\/IMG_2995-Kopie.jpg 719w, http:\/\/www.christianevogel.de\/wp-content\/uploads\/2011\/08\/IMG_2995-Kopie-200x300.jpg 200w, http:\/\/www.christianevogel.de\/wp-content\/uploads\/2011\/08\/IMG_2995-Kopie-682x1024.jpg 682w\" sizes=\"auto, (max-width: 719px) 100vw, 719px\" \/><\/a><\/p>\n<h1><\/h1>\n<h1>BIG DANDELION<\/h1>\n<p>wurde f\u00fcr eine Messe -Aktion gebaut.<\/p>\n<p>&#8220; Wer die Schirmchen einer Pusteblume wegpustet, darf sich etwas w\u00fcnschen &#8222;sagt der Volksmund.<\/p>\n<p>So lie\u00df ich die St\u00e4ngel der Pusteblume von den Messe-Besuchern mit kleinen gr\u00fcnen Kugeln f\u00fcllen,in denen eigenh\u00e4ndig geschriebene W\u00fcnsche steckten.<\/p>\n<p>Bericht \u00fcber die Filia:<\/p>\n<p>http:\/\/www.oberberg-aktuell.de\/index.php?id=144&#038;tx_ttnews[tt_news]=143546<\/p>\n<h1><a href=\"http:\/\/www.christianevogel.de\/wp-content\/uploads\/2011\/05\/k-DSC06591-e1375455030394.jpg\"><img loading=\"lazy\" decoding=\"async\" class=\"aligncenter size-full wp-image-424\" src=\"http:\/\/www.christianevogel.de\/wp-content\/uploads\/2011\/05\/k-DSC06591-e1375455030394.jpg\" alt=\"k-DSC06591\" width=\"480\" height=\"640\" srcset=\"http:\/\/www.christianevogel.de\/wp-content\/uploads\/2011\/05\/k-DSC06591-e1375455030394.jpg 480w, http:\/\/www.christianevogel.de\/wp-content\/uploads\/2011\/05\/k-DSC06591-e1375455030394-225x300.jpg 225w\" sizes=\"auto, (max-width: 480px) 100vw, 480px\" \/><\/a><\/h1>\n<h1>ENJOY YOUR DAY<\/h1>\n<h1><a href=\"http:\/\/www.christianevogel.de\/wp-content\/uploads\/2011\/05\/k-DSC06520-e1375455139393.jpg\"><img loading=\"lazy\" decoding=\"async\" class=\"aligncenter size-full wp-image-418\" src=\"http:\/\/www.christianevogel.de\/wp-content\/uploads\/2011\/05\/k-DSC06520-e1375455139393.jpg\" alt=\"k-DSC06520\" width=\"480\" height=\"640\" srcset=\"http:\/\/www.christianevogel.de\/wp-content\/uploads\/2011\/05\/k-DSC06520-e1375455139393.jpg 480w, http:\/\/www.christianevogel.de\/wp-content\/uploads\/2011\/05\/k-DSC06520-e1375455139393-225x300.jpg 225w\" sizes=\"auto, (max-width: 480px) 100vw, 480px\" \/><\/a><\/h1>\n<h1><\/h1>\n<h1><\/h1>\n<h1>COLOUR YOUR MIND<\/h1>\n<h1><a href=\"http:\/\/www.christianevogel.de\/wp-content\/uploads\/2011\/05\/k-DSC06521-e1375455120299.jpg\"><img loading=\"lazy\" decoding=\"async\" class=\"aligncenter size-full wp-image-419\" src=\"http:\/\/www.christianevogel.de\/wp-content\/uploads\/2011\/05\/k-DSC06521-e1375455120299.jpg\" alt=\"k-DSC06521\" width=\"480\" height=\"640\" srcset=\"http:\/\/www.christianevogel.de\/wp-content\/uploads\/2011\/05\/k-DSC06521-e1375455120299.jpg 480w, http:\/\/www.christianevogel.de\/wp-content\/uploads\/2011\/05\/k-DSC06521-e1375455120299-225x300.jpg 225w\" sizes=\"auto, (max-width: 480px) 100vw, 480px\" \/><\/a><\/h1>\n<h1><\/h1>\n<h1><\/h1>\n<h1>SOMETIMES BLIND<\/h1>\n<h1><a href=\"http:\/\/www.christianevogel.de\/wp-content\/uploads\/2011\/05\/k-DSC06524-e1375455096708.jpg\"><img loading=\"lazy\" decoding=\"async\" class=\"aligncenter size-full wp-image-421\" src=\"http:\/\/www.christianevogel.de\/wp-content\/uploads\/2011\/05\/k-DSC06524-e1375455096708.jpg\" alt=\"k-DSC06524\" width=\"480\" height=\"640\" srcset=\"http:\/\/www.christianevogel.de\/wp-content\/uploads\/2011\/05\/k-DSC06524-e1375455096708.jpg 480w, http:\/\/www.christianevogel.de\/wp-content\/uploads\/2011\/05\/k-DSC06524-e1375455096708-225x300.jpg 225w\" sizes=\"auto, (max-width: 480px) 100vw, 480px\" \/><\/a><\/h1>\n<h1><\/h1>\n<h1>Wespe 60 cm<\/h1>\n<p>Auftragsarbeit<\/p>\n<h1><a href=\"http:\/\/www.christianevogel.de\/wp-content\/uploads\/2011\/06\/IMG_2935-Kopie.jpg\"><img loading=\"lazy\" decoding=\"async\" class=\"aligncenter size-full wp-image-922\" src=\"http:\/\/www.christianevogel.de\/wp-content\/uploads\/2011\/06\/IMG_2935-Kopie.jpg\" alt=\"\" width=\"1280\" height=\"853\" srcset=\"http:\/\/www.christianevogel.de\/wp-content\/uploads\/2011\/06\/IMG_2935-Kopie.jpg 1280w, http:\/\/www.christianevogel.de\/wp-content\/uploads\/2011\/06\/IMG_2935-Kopie-300x200.jpg 300w, http:\/\/www.christianevogel.de\/wp-content\/uploads\/2011\/06\/IMG_2935-Kopie-1024x682.jpg 1024w\" sizes=\"auto, (max-width: 1280px) 100vw, 1280px\" \/><\/a><\/h1>\n<h1><a href=\"http:\/\/www.christianevogel.de\/wp-content\/uploads\/2011\/05\/k-DSC06523-e1375454923588.jpg\">\u00a0<\/a><\/h1>\n<h1><\/h1>\n<h1><\/h1>\n<h1>BETONSKULPTUR<\/h1>\n<p><a href=\"http:\/\/www.christianevogel.de\/wp-content\/uploads\/2011\/08\/k-DSC05804.jpg\"><img loading=\"lazy\" decoding=\"async\" class=\"aligncenter size-full wp-image-370\" title=\"k-DSC05804\" src=\"http:\/\/www.christianevogel.de\/wp-content\/uploads\/2011\/08\/k-DSC05804-e1346848374575.jpg\" alt=\"\" width=\"480\" height=\"640\" srcset=\"http:\/\/www.christianevogel.de\/wp-content\/uploads\/2011\/08\/k-DSC05804-e1346848374575.jpg 480w, http:\/\/www.christianevogel.de\/wp-content\/uploads\/2011\/08\/k-DSC05804-e1346848374575-225x300.jpg 225w\" sizes=\"auto, (max-width: 480px) 100vw, 480px\" \/><\/a><\/p>\n<p><a href=\"http:\/\/www.christianevogel.de\/wp-content\/uploads\/2011\/08\/k-DSC05805.jpg\"><img loading=\"lazy\" decoding=\"async\" class=\"aligncenter size-full wp-image-372\" title=\"k-DSC05805\" src=\"http:\/\/www.christianevogel.de\/wp-content\/uploads\/2011\/08\/k-DSC05805-e1346848469836.jpg\" alt=\"\" width=\"480\" height=\"640\" srcset=\"http:\/\/www.christianevogel.de\/wp-content\/uploads\/2011\/08\/k-DSC05805-e1346848469836.jpg 480w, http:\/\/www.christianevogel.de\/wp-content\/uploads\/2011\/08\/k-DSC05805-e1346848469836-225x300.jpg 225w\" sizes=\"auto, (max-width: 480px) 100vw, 480px\" \/><\/a><\/p>\n<h1>THINK ITS POSSIBLE<\/h1>\n<p>Kopf und Herz verbunden,einander vertrauend,<\/p>\n<p>durchdrungen von einem Gedanken<\/p>\n<p>und festem Glauben daran, wird Unm\u00f6gliches real.<\/p>\n<p><a href=\"http:\/\/www.christianevogel.de\/wp-content\/uploads\/2011\/08\/k-Silvester-0913.jpg\"><img loading=\"lazy\" decoding=\"async\" class=\"aligncenter size-full wp-image-233\" title=\"Think its possible  k-Silvester 091\" src=\"http:\/\/www.christianevogel.de\/wp-content\/uploads\/2011\/08\/k-Silvester-0913.jpg\" alt=\"\" width=\"480\" height=\"640\" srcset=\"http:\/\/www.christianevogel.de\/wp-content\/uploads\/2011\/08\/k-Silvester-0913.jpg 480w, http:\/\/www.christianevogel.de\/wp-content\/uploads\/2011\/08\/k-Silvester-0913-225x300.jpg 225w\" sizes=\"auto, (max-width: 480px) 100vw, 480px\" \/><\/a><\/p>\n<p><a href=\"http:\/\/www.christianevogel.de\/wp-content\/uploads\/2011\/08\/k-DSC006163.jpg\"><img loading=\"lazy\" decoding=\"async\" class=\"aligncenter size-full wp-image-235\" title=\"k-DSC00616\" src=\"http:\/\/www.christianevogel.de\/wp-content\/uploads\/2011\/08\/k-DSC006163.jpg\" alt=\"\" width=\"480\" height=\"640\" srcset=\"http:\/\/www.christianevogel.de\/wp-content\/uploads\/2011\/08\/k-DSC006163.jpg 480w, http:\/\/www.christianevogel.de\/wp-content\/uploads\/2011\/08\/k-DSC006163-225x300.jpg 225w\" sizes=\"auto, (max-width: 480px) 100vw, 480px\" \/><\/a><\/p>\n<h1><strong>GROWING GREEN<\/strong><\/h1>\n<p><a href=\"http:\/\/www.christianevogel.de\/wp-content\/uploads\/2011\/08\/k-Silvester-0992.jpg\"><img loading=\"lazy\" decoding=\"async\" class=\"aligncenter size-full wp-image-239\" title=\"Growing Green  k-Silvester 099\" src=\"http:\/\/www.christianevogel.de\/wp-content\/uploads\/2011\/08\/k-Silvester-0992.jpg\" alt=\"\" width=\"480\" height=\"640\" srcset=\"http:\/\/www.christianevogel.de\/wp-content\/uploads\/2011\/08\/k-Silvester-0992.jpg 480w, http:\/\/www.christianevogel.de\/wp-content\/uploads\/2011\/08\/k-Silvester-0992-225x300.jpg 225w\" sizes=\"auto, (max-width: 480px) 100vw, 480px\" \/><\/a><\/p>\n<p><a href=\"http:\/\/www.christianevogel.de\/wp-content\/uploads\/2011\/08\/k-Silvester-1002.jpg\"><img loading=\"lazy\" decoding=\"async\" class=\"aligncenter size-full wp-image-240\" title=\"Growing Green nah k-Silvester 100\" src=\"http:\/\/www.christianevogel.de\/wp-content\/uploads\/2011\/08\/k-Silvester-1002.jpg\" alt=\"\" width=\"480\" height=\"640\" srcset=\"http:\/\/www.christianevogel.de\/wp-content\/uploads\/2011\/08\/k-Silvester-1002.jpg 480w, http:\/\/www.christianevogel.de\/wp-content\/uploads\/2011\/08\/k-Silvester-1002-225x300.jpg 225w\" sizes=\"auto, (max-width: 480px) 100vw, 480px\" \/><\/a><\/p>","protected":false},"excerpt":{"rendered":"<p>Beton-Stahl-Objekt FACING EACH OTHER SETTING SEED Objektgruppe \u00a0 3-tlg. \u00a0Beton, Edelstahl,vergoldet \u00a0 A BIT OF LUCK Objektgruppe Edelstahl, 9-tlg. CIRCLE OF LIFE Edelstahl,Holz, Plexiglas. ca 130 cm Durchmesser. \u00a0 ELEGANCE OF LEAVES CIRCLE OF LIFE Die auf dem Stahlring sitzenden &hellip; <a href=\"http:\/\/www.christianevogel.de\/?page_id=131\">Weiterlesen <span class=\"meta-nav\">&rarr;<\/span><\/a><\/p>\n","protected":false},"author":1,"featured_media":0,"parent":722,"menu_order":5,"comment_status":"closed","ping_status":"closed","template":"","meta":{"footnotes":""},"class_list":["post-131","page","type-page","status-publish","hentry"],"_links":{"self":[{"href":"http:\/\/www.christianevogel.de\/index.php?rest_route=\/wp\/v2\/pages\/131","targetHints":{"allow":["GET"]}}],"collection":[{"href":"http:\/\/www.christianevogel.de\/index.php?rest_route=\/wp\/v2\/pages"}],"about":[{"href":"http:\/\/www.christianevogel.de\/index.php?rest_route=\/wp\/v2\/types\/page"}],"author":[{"embeddable":true,"href":"http:\/\/www.christianevogel.de\/index.php?rest_route=\/wp\/v2\/users\/1"}],"replies":[{"embeddable":true,"href":"http:\/\/www.christianevogel.de\/index.php?rest_route=%2Fwp%2Fv2%2Fcomments&post=131"}],"version-history":[{"count":31,"href":"http:\/\/www.christianevogel.de\/index.php?rest_route=\/wp\/v2\/pages\/131\/revisions"}],"predecessor-version":[{"id":1453,"href":"http:\/\/www.christianevogel.de\/index.php?rest_route=\/wp\/v2\/pages\/131\/revisions\/1453"}],"up":[{"embeddable":true,"href":"http:\/\/www.christianevogel.de\/index.php?rest_route=\/wp\/v2\/pages\/722"}],"wp:attachment":[{"href":"http:\/\/www.christianevogel.de\/index.php?rest_route=%2Fwp%2Fv2%2Fmedia&parent=131"}],"curies":[{"name":"wp","href":"https:\/\/api.w.org\/{rel}","templated":true}]}}